{"id":57,"date":"2020-02-04T09:42:44","date_gmt":"2020-02-04T08:42:44","guid":{"rendered":"http:\/\/prof-stefan-schmidt.info\/?page_id=57"},"modified":"2025-12-18T14:36:43","modified_gmt":"2025-12-18T13:36:43","slug":"startseite","status":"publish","type":"page","link":"https:\/\/prof-stefan-schmidt.info\/","title":{"rendered":"Startseite"},"content":{"rendered":"<p><strong>Prof. Dr. phil. Stefan Schmidt, Dipl.-Psych.<\/strong><b><br><\/b><\/p>\n<ul>\n<li style=\"text-align: left;\">Stiftungsprofessur f\u00fcr Systemische Familientherapie \/ Endowed Professorship for Systemic Family Therapy<\/li>\n<li style=\"text-align: left;\">Stellvertretender Institutsleiter des Systemisches Instituts (<a href=\"https:\/\/www.uniklinik-freiburg.de\/ausbildungsinstitut-systemisch-si.html\" target=\"_blank\" rel=\"noopener\">SI<\/a>) f\u00fcr Aus- und Weiterbildung am Universit\u00e4tsklinikum Freiburg&nbsp; \/ Deputy Head of the Systemic Institute for Education and Training at the University Medical Center Freiburg<\/li>\n<\/ul>\n<p><strong>Anschrift: \/ <\/strong><span class=\"tlid-translation translation\" lang=\"en\"><span title=\"\"><strong>Address:<\/strong><\/span><\/span><\/p>\n<p><a href=\"https:\/\/www.uniklinik-freiburg.de\/de.html\" target=\"_blank\" rel=\"noopener\">Universit\u00e4tsklinikum Freiburg<\/a><br><a href=\"https:\/\/www.uniklinik-freiburg.de\/psychosomatik\/patientinnen-info\/sektion-systemische-gesundheitsforschung.html\">Sektion Systemische Gesundheitsforschung<\/a><br><a href=\"https:\/\/www.uniklinik-freiburg.de\/ausbildungsinstitut-systemisch-si.html\" target=\"_blank\" rel=\"noopener noreferrer\">Systemisches Institut f\u00fcr Aus- und Weiterbildung am Universit\u00e4tsklinikum Freiburg<\/a><\/p>\n<p>Department f\u00fcr Psychische Erkrankungen<br>Klinik f\u00fcr Psychosomatische Medizin und Psychotherapie<br>Hauptstr. 8, 79104 Freiburg<br>Telefon: +49 761 270-69280<br>E-Mail: stefan.schmidt[at]uniklinik-freiburg.de<\/p>\n<p><strong>Besucheradresse: \/ <span class=\"tlid-translation translation\" lang=\"en\"><span title=\"\">visitor<\/span> <span title=\"\">address<\/span><\/span>:<\/strong><\/p>\n<p>Burgunderstr. 5a, 2.OG, 79104 Freiburg<\/p>\n<p>Die Professur f\u00fcr Systemische Familientherapie ist eine Stiftungsprofessur der Luisenklinik Bad D\u00fcrrheim (N\u00e4here Informationen zur Luisenklinik finden Sie auf www.luisenklinik.de.<br><span class=\"tlid-translation translation\" lang=\"en\"><span title=\"\">The professorship for systemic family therapy is an endowed professorship of the Luisenklinik Bad D\u00fcrrheim (you can find more information about the Luisenklinik at www.luisenklinik.de <\/span><\/span><\/p>\n\n\n<p><\/p>\n","protected":false},"excerpt":{"rendered":"<p>Prof. Dr. phil. Stefan Schmidt, Dipl.-Psych. Stiftungsprofessur f\u00fcr Systemische Familientherapie \/ Endowed Professorship for Systemic Family Therapy Stellvertretender Institutsleiter des Systemisches Instituts (SI) f\u00fcr Aus- und Weiterbildung am Universit\u00e4tsklinikum Freiburg&nbsp; \/ Deputy Head of the Systemic Institute for Education and &hellip; <a href=\"https:\/\/prof-stefan-schmidt.info\/\">Weiterlesen <span class=\"meta-nav\">&rarr;<\/span><\/a><\/p>\n","protected":false},"author":1,"featured_media":0,"parent":0,"menu_order":0,"comment_status":"closed","ping_status":"closed","template":"","meta":[],"_links":{"self":[{"href":"https:\/\/prof-stefan-schmidt.info\/index.php?rest_route=\/wp\/v2\/pages\/57"}],"collection":[{"href":"https:\/\/prof-stefan-schmidt.info\/index.php?rest_route=\/wp\/v2\/pages"}],"about":[{"href":"https:\/\/prof-stefan-schmidt.info\/index.php?rest_route=\/wp\/v2\/types\/page"}],"author":[{"embeddable":true,"href":"https:\/\/prof-stefan-schmidt.info\/index.php?rest_route=\/wp\/v2\/users\/1"}],"replies":[{"embeddable":true,"href":"https:\/\/prof-stefan-schmidt.info\/index.php?rest_route=%2Fwp%2Fv2%2Fcomments&post=57"}],"version-history":[{"count":32,"href":"https:\/\/prof-stefan-schmidt.info\/index.php?rest_route=\/wp\/v2\/pages\/57\/revisions"}],"predecessor-version":[{"id":458,"href":"https:\/\/prof-stefan-schmidt.info\/index.php?rest_route=\/wp\/v2\/pages\/57\/revisions\/458"}],"wp:attachment":[{"href":"https:\/\/prof-stefan-schmidt.info\/index.php?rest_route=%2Fwp%2Fv2%2Fmedia&parent=57"}],"curies":[{"name":"wp","href":"https:\/\/api.w.org\/{rel}","templated":true}]}}